{"id":6499,"date":"2024-07-04T13:10:35","date_gmt":"2024-07-04T11:10:35","guid":{"rendered":"https:\/\/www.fiw.ac.at\/fiw-trade-indicator\/"},"modified":"2026-03-05T10:00:20","modified_gmt":"2026-03-05T09:00:20","slug":"fiw-trade-indicator","status":"publish","type":"page","link":"https:\/\/www.fiw.ac.at\/en\/fiw-trade-indicator\/","title":{"rendered":"FIW Trade Indicator"},"content":{"rendered":"\n<h2 class=\"wp-block-heading\">FIW Trade Indicator<\/h2>\n\n\n\n<h4 class=\"wp-block-heading\">\u00d6sterreichs Warenau\u00dfenhandel startet verhalten ins Jahr 2026<\/h4>\n\n\n\n<p>Seit April 2024 publiziert das BMWET auf der FIW-Website monatlich aktuelle und qualitativ hochwertige Sch\u00e4tzungen f\u00fcr nominelle, reale und saisonbereinigte Warenau\u00dfenhandelsdaten auf Basis eines vom Institut f\u00fcr H\u00f6here Studien entwickelten \u00f6konometrischen Modells. Dadurch stehen aktuelle Prognosen (sog. Nowcasts) des monatlichen Au\u00dfenhandels \u00d6sterreichs \u2013 mit einem Vorsprung von mehr als zwei Monaten gegen\u00fcber den Ver\u00f6ffentlichungen der Statistik Austria \u2013 zur Verf\u00fcgung. Neben den nominellen Werten weist der FIW Trade Indicator auch preisbereinigte reale Werte aus. Diese realen Au\u00dfenhandelsdaten geben einen exakten Eindruck \u00fcber die tats\u00e4chlichen Wohlfahrtssteigerungen \u00d6sterreichs durch den Au\u00dfenhandel, sie sind zudem saison- und arbeitstagbereinigt. Dadurch unterscheiden sich die Nowcasts von den von Statistik Austria publizierten unbereinigten, nominellen Werten.<\/p>\n\n\n\n<div class=\"outer-div-viz\">\n\n<div id=\"observablehq-title-4c938961\"><\/div>\n\n<p style=\"font-size:14px\">Letztes Update: 05.03.2026<\/p>\n\n<div class=\"display-container-ti\" id=\"observablehq-display-4c938961\"><\/div>\n\n<div class=\"menu-container\" style=\"display: flex;\">\n<div class=\"menu-item\" id=\"observablehq-timeLabel-4c938961\"><\/div>\n<div class=\"menu-item\" id=\"observablehq-viewof-Zeit-4c938961\"><\/div>\n<\/div>\n<div class=\"menu-container\" style=\"display: flex;\">\n<div class=\"menu-item\" id=\"observablehq-viewof-unit-4c938961\"><\/div>\n<\/div>\n<div class=\"menu-container\" style=\"display: flex;\">\n<div class=\"menu-item\" id=\"observablehq-viewof-adj-4c938961\"><\/div>\n<\/div>\n<div class=\"menu-container\" style=\"display: flex;\">\n<div class=\"menu-item\" id=\"observablehq-viewof-trans-4c938961\"><\/div>\n<\/div>\n<div class=\"menu-container\" style=\"display: flex;\">\n<div class=\"menu-item\" id=\"observablehq-downloads-4c938961\"><\/div>\n<\/div>\n\n<div class=\"logo-container\" style=\"margin: 12px 0px 0px 0px; font-size: 14px\"> \n<label>IHS Nowcast<\/label>\n<img decoding=\"async\" class=\"institution-logo\" src=\"https:\/\/data-science.wifo.ac.at\/fiw-data\/bmwet-logo.png\" height=\"46px\" style=\"padding: 4px 4px 4px 4px\"\/>\n<img decoding=\"async\" class=\"institution-logo\" src=\"https:\/\/data-science.wifo.ac.at\/fiw-data\/ihs-logo.png\" height=\"46px\" style=\"visibility: visible; padding: 8px 4px 8px 4px\"\/>\n<\/div>\n\n<\/div>\n\n<link rel=\"stylesheet\" href=\"https:\/\/data-science.wifo.ac.at\/fiw-trade-indicator\/inspector.css\">\n<script type=\"module\">\nimport {Runtime, Inspector} from \"https:\/\/data-science.wifo.ac.at\/fiw-trade-indicator\/runtime.js\";\nimport define from \"https:\/\/data-science.wifo.ac.at\/fiw-trade-indicator\/index.js\";\nnew Runtime().module(define, name => {\n  if (name === \"title\") return new Inspector(document.querySelector(\"#observablehq-title-4c938961\"));\n  if (name === \"display\") return new Inspector(document.querySelector(\"#observablehq-display-4c938961\"));\n  if (name === \"timeLabel\") return new Inspector(document.querySelector(\"#observablehq-timeLabel-4c938961\"));\n  if (name === \"viewof Zeit\") return new Inspector(document.querySelector(\"#observablehq-viewof-Zeit-4c938961\"));\n  if (name === \"viewof unit\") return new Inspector(document.querySelector(\"#observablehq-viewof-unit-4c938961\"));\n  if (name === \"viewof adj\") return new Inspector(document.querySelector(\"#observablehq-viewof-adj-4c938961\"));\n  if (name === \"viewof trans\") return new Inspector(document.querySelector(\"#observablehq-viewof-trans-4c938961\"));\n  if (name === \"downloads\") return new Inspector(document.querySelector(\"#observablehq-downloads-4c938961\"));\n  return [\"timeEndPlusOne\",\"timeEnd\",\"timeStart\",\"lengthTime\",\"downloadXLSX\",\"downloadCSV\",\"makeWidthBar\",\"data\",\"vizData\",\"unitCols\",\"subtitle\",\"makeFontSize\",\"makeWidth1\",\"config\"].includes(name);\n});\n<\/script>\n\n<link rel=\"stylesheet\" href=\"https:\/\/data-science.wifo.ac.at\/stylesheets\/style_trade_indicator.css\"\/>\n\n\n\n<p>Gem\u00e4\u00df der aktuellen Sch\u00e4tzung des FIW Trade Indicator f\u00fcr J\u00e4nner 2026 waren sowohl die realen Warenexporte mit -1,2\u00a0% als auch die Warenimporte mit -1,3\u00a0% gegen\u00fcber dem Vormonat leicht r\u00fcckl\u00e4ufig. Somit ist eine merkliche Erholung der \u00f6sterreichischen Exporte weiterhin nicht absehbar, gegen\u00fcber dem Vorjahresmonat blieben die realen Warenexporte nahezu unver\u00e4ndert (+0,1\u00a0%). Demgegen\u00fcber liegen die realen Warenimporte mit +4,1\u00a0% deutlich \u00fcber dem Vergleichswert des Vorjahres.<\/p>\n\n\n\n<p>Das Defizit in der Handelsbilanz setzt sich auch zu Jahresbeginn weiter fort und liegt im J\u00e4nner saisonbereinigt bei rund 450 Mio. Euro.<\/p>\n\n\n\n<p>Der Nowcast des \u00f6sterreichischen Au\u00dfenhandels f\u00fcr J\u00e4nner pflegt sich in das allgemeine Bild der europ\u00e4ischen Handelsentwicklungen ein. W\u00e4hrend sich der Welthandel zum Jahresende dynamisch entwickelte, blieb der Handel im Euroraum &#8211; insbesondere die Exporte &#8211; unvermindert tr\u00e4ge.<\/p>\n\n\n\n<h4 class=\"wp-block-heading\">Eine Durststrecke im ersten Halbjahr zeichnet sich ab<\/h4>\n\n\n\n<p>Der z\u00f6gerliche Start des \u00f6sterreichischen Warenau\u00dfenhandels in das Jahr 2026 deutet auf ein schwieriges erstes Halbjahr hin. Insbesondere die aktuellen dramatischen geopolitischen Ereignisse werden ihre Spuren im Au\u00dfenhandel sp\u00e4testens ab dem zweiten Quartal hinterlassen.<\/p>\n\n\n\n<div class=\"outer-div-viz\">\n\n<h4>Der FIW Trade Indicator des BMWET<\/h4>\n\n<p>Statistik Austria publiziert die Daten zu nominellen Exporten und Importen jeweils zu Monatsbeginn mit einer Zeitverz\u00f6gerung von mehr als 2 Monaten. <\/p>\n\n<p> Das IHS wurde beauftragt mit State-of-the-Art \u00f6konometrischen Methoden und zeitaktuellen hochfrequenten Daten (Wochen- und Monatsdaten) einen Nowcast (nominelle\/reale Exporte und Importe, saisonbereinigt) f\u00fcr den jeweils aktuellen Monat (aktuell J\u00e4nner 24 \/ Statistik Austria publizierte November 23) zu erstellen. <\/p>\n\n<p> Ab April 2024 wird das BMWET einen Nowcast auf Basis des Modells und jeweils zu liefernder Inputdaten des IHS erstellen. <\/p>\n\n<p> Durch den Nowcast stehen zeitaktuelle Sch\u00e4tzungen der monatlichen Au\u00dfenhandelsdaten \u00d6sterreichs zur Verf\u00fcgung (Vorsprung auf Statistik Austria > 2 Monate). <\/p>\n\n<p> Der FIW Trade Indicator weist neben den nominellen Werten auch preisbereinigte reale Werte aus (bei Statistik Austria nur quartalsweise verf\u00fcgbar). Reale Au\u00dfenhandelsdaten geben vor dem Hintergrund hoher und volatiler Preissteigerungen einen exakten Eindruck \u00fcber die tats\u00e4chlichen Wohlfahrtssteigerungen \u00d6sterreichs durch den Au\u00dfenhandel. <\/p>\n\n<p> Die Daten des FIW Trade Indicator sind saison- und arbeitstagbereinigt. Verzerrungen durch saisonale Einfl\u00fcsse bzw. die Lagerung von Feiertagen werden dadurch vermieden. Neben der exakteren Einsch\u00e4tzung der Wachstumsraten des Au\u00dfenhandels erm\u00f6glicht dies auch eine zeitnahe Beurteilung der konjunkturellen Tendenzen im Au\u00dfenhandel (Stagnation\/Aufschwung\/Abschwung). <\/p>\n<\/div>\n\n\n\n<p>Weiterf\u00fchrende Informationen: <a href=\"https:\/\/www.fiw.ac.at\/wp-content\/uploads\/2026\/01\/IHS_Projektbericht_FIW_Trade_Indicator.cleaned.pdf\" target=\"_blank\" rel=\"noreferrer noopener\">Projektbericht des IHS<\/a><\/p>\n\n\n\n<p style=\"margin:0em 0em 0.5em 0em\">R\u00fcckfragen an:<br><\/p>\n\n<p style=\"margin:0em 0em 0.5em 0em\"><strong>Bundesministerium f\u00fcr Wirtschaft, Energie und Tourismus<\/strong> <br>\nDr. Ulrich Schuh <br>\n<a href=\"mailto:ulrich.schuh@bmwet.gv.at\" target=\"_blank\" rel=\"noreferrer noopener\">&#9993; ulrich.schuh@bmwet.gv.at<\/a><br>\n&#9742; +43 1 711 00 808810<br>\n<\/p>\n\n<p style=\"margin:0em 0em 0.5em 0em\">\n<strong>Institut f\u00fcr H\u00f6here Studien (IHS)<\/strong><br>\n<a href=\"mailto:ertl@ihs.ac.at\" target=\"_blank\" rel=\"noreferrer noopener\">&#9993; Martin Ertl<\/a><br>\n<a href=\"https:\/\/www.ihs.ac.at\/\">&#x1F517; IHS<\/a> <br>\n<\/p>\n","protected":false},"excerpt":{"rendered":"<p>FIW Trade Indicator \u00d6sterreichs Warenau\u00dfenhandel startet verhalten ins Jahr 2026 Seit April 2024 publiziert das BMWET auf der FIW-Website monatlich aktuelle und qualitativ hochwertige Sch\u00e4tzungen f\u00fcr nominelle, reale und saisonbereinigte Warenau\u00dfenhandelsdaten auf Basis eines vom Institut f\u00fcr H\u00f6here Studien entwickelten \u00f6konometrischen Modells. Dadurch stehen aktuelle Prognosen (sog. Nowcasts) des monatlichen Au\u00dfenhandels \u00d6sterreichs \u2013 mit einem [&hellip;]<\/p>\n","protected":false},"author":10,"featured_media":7715,"parent":0,"menu_order":0,"comment_status":"closed","ping_status":"closed","template":"page-trade-indicator.php","meta":{"_acf_changed":false,"footnotes":""},"class_list":["post-6499","page","type-page","status-publish","has-post-thumbnail","hentry"],"acf":[],"yoast_head":"<!-- This site is optimized with the Yoast SEO plugin v23.4 - https:\/\/yoast.com\/wordpress\/plugins\/seo\/ -->\n<title>FIW Trade Indicator - FIW<\/title>\n<meta name=\"robots\" content=\"index, follow, max-snippet:-1, max-image-preview:large, max-video-preview:-1\" \/>\n<link rel=\"canonical\" href=\"https:\/\/www.fiw.ac.at\/en\/fiw-trade-indicator\/\" \/>\n<meta property=\"og:locale\" content=\"en_US\" \/>\n<meta property=\"og:type\" content=\"article\" \/>\n<meta property=\"og:title\" content=\"FIW Trade Indicator - FIW\" \/>\n<meta property=\"og:description\" content=\"FIW Trade Indicator \u00d6sterreichs Warenau\u00dfenhandel startet verhalten ins Jahr 2026 Seit April 2024 publiziert das BMWET auf der FIW-Website monatlich aktuelle und qualitativ hochwertige Sch\u00e4tzungen f\u00fcr nominelle, reale und saisonbereinigte Warenau\u00dfenhandelsdaten auf Basis eines vom Institut f\u00fcr H\u00f6here Studien entwickelten \u00f6konometrischen Modells. Dadurch stehen aktuelle Prognosen (sog. Nowcasts) des monatlichen Au\u00dfenhandels \u00d6sterreichs \u2013 mit einem [&hellip;]\" \/>\n<meta property=\"og:url\" content=\"https:\/\/www.fiw.ac.at\/en\/fiw-trade-indicator\/\" \/>\n<meta property=\"og:site_name\" content=\"FIW\" \/>\n<meta property=\"article:modified_time\" content=\"2026-03-05T09:00:20+00:00\" \/>\n<meta property=\"og:image\" content=\"https:\/\/www.fiw.ac.at\/wp-content\/uploads\/2026\/01\/arturo-anez-Q_vhJv5im-8-unsplash-scaled.jpg\" \/>\n\t<meta property=\"og:image:width\" content=\"2560\" \/>\n\t<meta property=\"og:image:height\" content=\"1707\" \/>\n\t<meta property=\"og:image:type\" content=\"image\/jpeg\" \/>\n<meta name=\"twitter:card\" content=\"summary_large_image\" \/>\n<meta name=\"twitter:site\" content=\"@CentreFiw\" \/>\n<meta name=\"twitter:label1\" content=\"Est. reading time\" \/>\n\t<meta name=\"twitter:data1\" content=\"4 minutes\" \/>\n<script type=\"application\/ld+json\" class=\"yoast-schema-graph\">{\"@context\":\"https:\/\/schema.org\",\"@graph\":[{\"@type\":\"WebPage\",\"@id\":\"https:\/\/www.fiw.ac.at\/en\/fiw-trade-indicator\/\",\"url\":\"https:\/\/www.fiw.ac.at\/en\/fiw-trade-indicator\/\",\"name\":\"FIW Trade Indicator - FIW\",\"isPartOf\":{\"@id\":\"https:\/\/www.fiw.ac.at\/en\/#website\"},\"primaryImageOfPage\":{\"@id\":\"https:\/\/www.fiw.ac.at\/en\/fiw-trade-indicator\/#primaryimage\"},\"image\":{\"@id\":\"https:\/\/www.fiw.ac.at\/en\/fiw-trade-indicator\/#primaryimage\"},\"thumbnailUrl\":\"https:\/\/www.fiw.ac.at\/wp-content\/uploads\/2026\/01\/arturo-anez-Q_vhJv5im-8-unsplash-scaled.jpg\",\"datePublished\":\"2024-07-04T11:10:35+00:00\",\"dateModified\":\"2026-03-05T09:00:20+00:00\",\"breadcrumb\":{\"@id\":\"https:\/\/www.fiw.ac.at\/en\/fiw-trade-indicator\/#breadcrumb\"},\"inLanguage\":\"en-US\",\"potentialAction\":[{\"@type\":\"ReadAction\",\"target\":[\"https:\/\/www.fiw.ac.at\/en\/fiw-trade-indicator\/\"]}]},{\"@type\":\"ImageObject\",\"inLanguage\":\"en-US\",\"@id\":\"https:\/\/www.fiw.ac.at\/en\/fiw-trade-indicator\/#primaryimage\",\"url\":\"https:\/\/www.fiw.ac.at\/wp-content\/uploads\/2026\/01\/arturo-anez-Q_vhJv5im-8-unsplash-scaled.jpg\",\"contentUrl\":\"https:\/\/www.fiw.ac.at\/wp-content\/uploads\/2026\/01\/arturo-anez-Q_vhJv5im-8-unsplash-scaled.jpg\",\"width\":2560,\"height\":1707,\"caption\":\"Foto von Arturo A\u00f1ez auf Unsplash\"},{\"@type\":\"BreadcrumbList\",\"@id\":\"https:\/\/www.fiw.ac.at\/en\/fiw-trade-indicator\/#breadcrumb\",\"itemListElement\":[{\"@type\":\"ListItem\",\"position\":1,\"name\":\"Startseite\",\"item\":\"https:\/\/www.fiw.ac.at\/en\/\"},{\"@type\":\"ListItem\",\"position\":2,\"name\":\"FIW Trade Indicator\"}]},{\"@type\":\"WebSite\",\"@id\":\"https:\/\/www.fiw.ac.at\/en\/#website\",\"url\":\"https:\/\/www.fiw.ac.at\/en\/\",\"name\":\"FIW\",\"description\":\"\",\"publisher\":{\"@id\":\"https:\/\/www.fiw.ac.at\/en\/#organization\"},\"potentialAction\":[{\"@type\":\"SearchAction\",\"target\":{\"@type\":\"EntryPoint\",\"urlTemplate\":\"https:\/\/www.fiw.ac.at\/en\/?s={search_term_string}\"},\"query-input\":{\"@type\":\"PropertyValueSpecification\",\"valueRequired\":true,\"valueName\":\"search_term_string\"}}],\"inLanguage\":\"en-US\"},{\"@type\":\"Organization\",\"@id\":\"https:\/\/www.fiw.ac.at\/en\/#organization\",\"name\":\"FIW\",\"url\":\"https:\/\/www.fiw.ac.at\/en\/\",\"logo\":{\"@type\":\"ImageObject\",\"inLanguage\":\"en-US\",\"@id\":\"https:\/\/www.fiw.ac.at\/en\/#\/schema\/logo\/image\/\",\"url\":\"https:\/\/www.fiw.ac.at\/wp-content\/uploads\/2023\/03\/wifo_fiw_logo_kugel_rgb.png\",\"contentUrl\":\"https:\/\/www.fiw.ac.at\/wp-content\/uploads\/2023\/03\/wifo_fiw_logo_kugel_rgb.png\",\"width\":843,\"height\":843,\"caption\":\"FIW\"},\"image\":{\"@id\":\"https:\/\/www.fiw.ac.at\/en\/#\/schema\/logo\/image\/\"},\"sameAs\":[\"https:\/\/x.com\/CentreFiw\"]}]}<\/script>\n<!-- \/ Yoast SEO plugin. -->","yoast_head_json":{"title":"FIW Trade Indicator - FIW","robots":{"index":"index","follow":"follow","max-snippet":"max-snippet:-1","max-image-preview":"max-image-preview:large","max-video-preview":"max-video-preview:-1"},"canonical":"https:\/\/www.fiw.ac.at\/en\/fiw-trade-indicator\/","og_locale":"en_US","og_type":"article","og_title":"FIW Trade Indicator - FIW","og_description":"FIW Trade Indicator \u00d6sterreichs Warenau\u00dfenhandel startet verhalten ins Jahr 2026 Seit April 2024 publiziert das BMWET auf der FIW-Website monatlich aktuelle und qualitativ hochwertige Sch\u00e4tzungen f\u00fcr nominelle, reale und saisonbereinigte Warenau\u00dfenhandelsdaten auf Basis eines vom Institut f\u00fcr H\u00f6here Studien entwickelten \u00f6konometrischen Modells. Dadurch stehen aktuelle Prognosen (sog. Nowcasts) des monatlichen Au\u00dfenhandels \u00d6sterreichs \u2013 mit einem [&hellip;]","og_url":"https:\/\/www.fiw.ac.at\/en\/fiw-trade-indicator\/","og_site_name":"FIW","article_modified_time":"2026-03-05T09:00:20+00:00","og_image":[{"width":2560,"height":1707,"url":"https:\/\/www.fiw.ac.at\/wp-content\/uploads\/2026\/01\/arturo-anez-Q_vhJv5im-8-unsplash-scaled.jpg","type":"image\/jpeg"}],"twitter_card":"summary_large_image","twitter_site":"@CentreFiw","twitter_misc":{"Est. reading time":"4 minutes"},"schema":{"@context":"https:\/\/schema.org","@graph":[{"@type":"WebPage","@id":"https:\/\/www.fiw.ac.at\/en\/fiw-trade-indicator\/","url":"https:\/\/www.fiw.ac.at\/en\/fiw-trade-indicator\/","name":"FIW Trade Indicator - FIW","isPartOf":{"@id":"https:\/\/www.fiw.ac.at\/en\/#website"},"primaryImageOfPage":{"@id":"https:\/\/www.fiw.ac.at\/en\/fiw-trade-indicator\/#primaryimage"},"image":{"@id":"https:\/\/www.fiw.ac.at\/en\/fiw-trade-indicator\/#primaryimage"},"thumbnailUrl":"https:\/\/www.fiw.ac.at\/wp-content\/uploads\/2026\/01\/arturo-anez-Q_vhJv5im-8-unsplash-scaled.jpg","datePublished":"2024-07-04T11:10:35+00:00","dateModified":"2026-03-05T09:00:20+00:00","breadcrumb":{"@id":"https:\/\/www.fiw.ac.at\/en\/fiw-trade-indicator\/#breadcrumb"},"inLanguage":"en-US","potentialAction":[{"@type":"ReadAction","target":["https:\/\/www.fiw.ac.at\/en\/fiw-trade-indicator\/"]}]},{"@type":"ImageObject","inLanguage":"en-US","@id":"https:\/\/www.fiw.ac.at\/en\/fiw-trade-indicator\/#primaryimage","url":"https:\/\/www.fiw.ac.at\/wp-content\/uploads\/2026\/01\/arturo-anez-Q_vhJv5im-8-unsplash-scaled.jpg","contentUrl":"https:\/\/www.fiw.ac.at\/wp-content\/uploads\/2026\/01\/arturo-anez-Q_vhJv5im-8-unsplash-scaled.jpg","width":2560,"height":1707,"caption":"Foto von Arturo A\u00f1ez auf Unsplash"},{"@type":"BreadcrumbList","@id":"https:\/\/www.fiw.ac.at\/en\/fiw-trade-indicator\/#breadcrumb","itemListElement":[{"@type":"ListItem","position":1,"name":"Startseite","item":"https:\/\/www.fiw.ac.at\/en\/"},{"@type":"ListItem","position":2,"name":"FIW Trade Indicator"}]},{"@type":"WebSite","@id":"https:\/\/www.fiw.ac.at\/en\/#website","url":"https:\/\/www.fiw.ac.at\/en\/","name":"FIW","description":"","publisher":{"@id":"https:\/\/www.fiw.ac.at\/en\/#organization"},"potentialAction":[{"@type":"SearchAction","target":{"@type":"EntryPoint","urlTemplate":"https:\/\/www.fiw.ac.at\/en\/?s={search_term_string}"},"query-input":{"@type":"PropertyValueSpecification","valueRequired":true,"valueName":"search_term_string"}}],"inLanguage":"en-US"},{"@type":"Organization","@id":"https:\/\/www.fiw.ac.at\/en\/#organization","name":"FIW","url":"https:\/\/www.fiw.ac.at\/en\/","logo":{"@type":"ImageObject","inLanguage":"en-US","@id":"https:\/\/www.fiw.ac.at\/en\/#\/schema\/logo\/image\/","url":"https:\/\/www.fiw.ac.at\/wp-content\/uploads\/2023\/03\/wifo_fiw_logo_kugel_rgb.png","contentUrl":"https:\/\/www.fiw.ac.at\/wp-content\/uploads\/2023\/03\/wifo_fiw_logo_kugel_rgb.png","width":843,"height":843,"caption":"FIW"},"image":{"@id":"https:\/\/www.fiw.ac.at\/en\/#\/schema\/logo\/image\/"},"sameAs":["https:\/\/x.com\/CentreFiw"]}]}},"_links":{"self":[{"href":"https:\/\/www.fiw.ac.at\/en\/wp-json\/wp\/v2\/pages\/6499","targetHints":{"allow":["GET"]}}],"collection":[{"href":"https:\/\/www.fiw.ac.at\/en\/wp-json\/wp\/v2\/pages"}],"about":[{"href":"https:\/\/www.fiw.ac.at\/en\/wp-json\/wp\/v2\/types\/page"}],"author":[{"embeddable":true,"href":"https:\/\/www.fiw.ac.at\/en\/wp-json\/wp\/v2\/users\/10"}],"replies":[{"embeddable":true,"href":"https:\/\/www.fiw.ac.at\/en\/wp-json\/wp\/v2\/comments?post=6499"}],"version-history":[{"count":25,"href":"https:\/\/www.fiw.ac.at\/en\/wp-json\/wp\/v2\/pages\/6499\/revisions"}],"predecessor-version":[{"id":7782,"href":"https:\/\/www.fiw.ac.at\/en\/wp-json\/wp\/v2\/pages\/6499\/revisions\/7782"}],"wp:featuredmedia":[{"embeddable":true,"href":"https:\/\/www.fiw.ac.at\/en\/wp-json\/wp\/v2\/media\/7715"}],"wp:attachment":[{"href":"https:\/\/www.fiw.ac.at\/en\/wp-json\/wp\/v2\/media?parent=6499"}],"curies":[{"name":"wp","href":"https:\/\/api.w.org\/{rel}","templated":true}]}}