{"id":2613,"date":"2023-02-22T10:18:33","date_gmt":"2023-02-22T09:18:33","guid":{"rendered":"https:\/\/www.fiw.ac.at\/research\/past-award-winners\/"},"modified":"2024-11-13T13:53:35","modified_gmt":"2024-11-13T12:53:35","slug":"past-award-winners","status":"publish","type":"page","link":"https:\/\/www.fiw.ac.at\/en\/research\/past-award-winners\/","title":{"rendered":"Past Award-winners"},"content":{"rendered":"\n<p><strong>2023 &#8211; <abbr title=\"&#x2018;Research\" centre=\"\" international=\"\" economics=\"\" class=\"&#x2018;abbr-attribute&#x2019;\">FIW<\/abbr> Award for PhD theses<\/strong><\/p>\n\n<ul class=\"wp-block-list\">\n<li>Julia Spornberger for the <abbr title=\"&#x2018;Doctor\" of=\"\" philosophy=\"\" class=\"&#x2018;abbr-attribute&#x2019;\">PhD-<\/abbr>Thesis \u2018<bdo lang=\"&#x2019;en&#x2018;\" dir=\"&#x2019;ltr&quot;\">Three Essays on the Impact of Policies on Bilateral Trade Flows and on Consistent Estimation Methods Within a Structural Gravity Framework<\/bdo>\u2019<\/li>\n<\/ul>\n\n<h4 class=\"wp-block-heading\"><h4><strong>2022 &#8211; FIW-Award for master-thesis<br\/><\/strong><\/h4><\/h4>\n\n<ul class=\"wp-block-list\">\n<li><p>Nicole Sattler for her master-thesis &#8220;<span class=\"lang-attribute\" dir=\"ltr\" lang=\"en\">The impact of the <abbr class=\"abbr-attribute\" title=\"African Continental Free Trade Area \">AfCFTA<\/abbr> on the <abbr class=\"abbr-attribute\" title=\"European Union\">EU<\/abbr>-Africa trade relation<\/span>&#8220;<\/p><\/li>\n\n\n\n<li><p>Johanna Treiber for her master-thesis &#8220;<span class=\"lang-attribute\" dir=\"ltr\" lang=\"en\">Labour Laws and <abbr class=\"abbr-attribute\" title=\"Foreign Direct Investments\">FDI<\/abbr> Productivity Spillovers &#8211; Analysis of the Labour Mobility Channel<\/span>&#8220;<\/p><\/li>\n<\/ul>\n\n<h4 class=\"wp-block-heading\"><h4><strong>2021 &#8211; FIW-Award for PhD-thesis<br\/><\/strong><\/h4><\/h4>\n\n<ul class=\"wp-block-list\">\n<li><p>Katharina Bergant for her PhD-thesis &#8220;Essays in Financial Economics&#8221;<\/p><\/li>\n\n\n\n<li><p>Martina Neul\u00e4ndtner for her dissertation &#8220;Regional knowledge creation and R&amp;D collaboration in Europe\u201c<\/p><\/li>\n<\/ul>\n\n<h4 class=\"wp-block-heading\"><h4><strong>2020 &#8211; FIW-Award for master-thesis<br\/><\/strong><\/h4><\/h4>\n\n<ul class=\"wp-block-list\">\n<li><p>Isabella Bachleitner for her master-thesis &#8220;Trade and Inequality through the Lense of Free Trade Agreements\u201c<\/p><\/li>\n\n\n\n<li>Lisa Eller for her master-thesis \u201cSolidarity Farming in Austria &#8211; Alternatives for the Agricultural Sector&#8221;<\/li>\n\n\n\n<li><p>Anna Matzner for her master-thesis \u201cThe impact of macroeconomic uncertainty on inequality in the European Union: A Bayesian Global VAR Approach\u201c<\/p><\/li>\n\n\n\n<li><p>Martina Pardy for her master-thesis \u201cEstimating full income distributions for US counties and their sensitivity to Internal Migration\u201c<\/p><\/li>\n\n\n\n<li><p>Ingrid Setz for her master-thesis\u201cThe impact of macroeconomic uncertainty on inequality in the European Union: A Bayesian Global VAR Approach\u201c<\/p><\/li>\n<\/ul>\n\n<h4 class=\"wp-block-heading\"><h4><strong>2018 &#8211; FIW-Award for master-thesis<br\/><\/strong><\/h4><\/h4>\n\n<ul class=\"wp-block-list\">\n<li>Julia Spornberger for her master-thesis &#8220;The Impact of the Comprehensive Economic and Trade Agreement (CETA) on Bilateral Trade Flows for Manufactured Goods&#8221;<\/li>\n<\/ul>\n\n<h4 class=\"wp-block-heading\"><h4><strong>2017\/18 &#8211; <abbr class=\"abbr-attribute\" title=\"Forschungsschwerpunkt Internationale Wirtschaft\">FIW<\/abbr>-Award f\u00fcr <abbr class=\"abbr-attribute\" title=\"Doctor of Philosophy\">PhD<\/abbr>-Thesen:<\/strong><\/h4><\/h4>\n\n<ul class=\"wp-block-list\">\n<li><p>Julia Bachtr\u00f6gler for her PhD-thesis \u201cEssays on the Effectiveness of EU Cohesion Policy: The Role of Policy Implementation and its Effects in Heterogeneous Regions\u201c<\/p><\/li>\n<\/ul>\n\n<h4 class=\"wp-block-heading\"><h4><strong>2016 &#8211;<abbr class=\"abbr-attribute\" title=\"Forschungsschwerpunkt Internationale Wirtschaft\"> FIW<\/abbr>-Award f\u00fcr Masterarbeiten:<\/strong><\/h4><\/h4>\n\n<ul class=\"wp-block-list\">\n<li><p>Anja Kukuvec for her master-thesis \u201cHuman Capital, Technology Diffusion, and Total Factor Productivity Growth in Regions\u201c<\/p><\/li>\n\n\n\n<li><p>Fanny Helene Dellinger for her master-thesis \u201eWill we eliminate poverty until 2030? An assessment based on the Growth Elasticity of Poverty\u201c<\/p><\/li>\n<\/ul>\n\n<h4 class=\"wp-block-heading\"><h4><strong>2015 &#8211; <abbr class=\"abbr-attribute\" title=\"Forschungsschwerpunkt Internationale Wirtschaft\">FIW<\/abbr>-Award f\u00fcr PhD-Thesen:<\/strong><\/h4><\/h4>\n\n<ul class=\"wp-block-list\">\n<li><p>Claudia Steinwender for her PhD-thesis &#8220;International and Innovation Activities of Firms&#8221;<\/p><\/li>\n\n\n\n<li><p>Veronika Katrin Kulmer for her doctoral-thesis &#8220;Policy Analysis in a Computable General Equilibrium Framework: Case Studies on Transport and Trade Policy&#8221;<\/p><\/li>\n\n\n\n<li><p>Elisabeth Nindl for her PhD-thesis &#8220;International Trade, Institutional Quality and Economic Development&#8221;<\/p><\/li>\n<\/ul>\n\n<h4 class=\"wp-block-heading\"><h4><strong>2014 &#8211; <abbr class=\"abbr-attribute\" title=\"Forschungsschwerpunkt Internationale Wirtschaft\">FIW<\/abbr>-Award f\u00fcr Masterarbeiten:<\/strong><\/h4><\/h4>\n\n<ul class=\"wp-block-list\">\n<li>Anna Pauls for her master-thesis \u201cOffshoring and Manufacturing Wages in Sub-Saharan African Countries&#8221;<\/li>\n\n\n\n<li><p>Julia Gr\u00fcbler for her master-thesis \u201cEuropean Trade Preferences facing the New Millennium\u201c<\/p><\/li>\n<\/ul>\n","protected":false},"excerpt":{"rendered":"<p>2023 &#8211; FIW Award for PhD theses 2022 &#8211; FIW-Award for master-thesis 2021 &#8211; FIW-Award for PhD-thesis 2020 &#8211; FIW-Award for master-thesis 2018 &#8211; FIW-Award for master-thesis 2017\/18 &#8211; FIW-Award f\u00fcr PhD-Thesen: 2016 &#8211; FIW-Award f\u00fcr Masterarbeiten: 2015 &#8211; FIW-Award f\u00fcr PhD-Thesen: 2014 &#8211; FIW-Award f\u00fcr Masterarbeiten:<\/p>\n","protected":false},"author":2,"featured_media":2194,"parent":41,"menu_order":4,"comment_status":"closed","ping_status":"closed","template":"","meta":{"_acf_changed":false,"footnotes":""},"class_list":["post-2613","page","type-page","status-publish","has-post-thumbnail","hentry"],"acf":[],"yoast_head":"<!-- This site is optimized with the Yoast SEO plugin v23.4 - https:\/\/yoast.com\/wordpress\/plugins\/seo\/ -->\n<title>Past Award-winners - FIW<\/title>\n<meta name=\"robots\" content=\"index, follow, max-snippet:-1, max-image-preview:large, max-video-preview:-1\" \/>\n<link rel=\"canonical\" href=\"https:\/\/www.fiw.ac.at\/en\/research\/past-award-winners\/\" \/>\n<meta property=\"og:locale\" content=\"en_US\" \/>\n<meta property=\"og:type\" content=\"article\" \/>\n<meta property=\"og:title\" content=\"Past Award-winners - FIW\" \/>\n<meta property=\"og:description\" content=\"2023 &#8211; FIW Award for PhD theses 2022 &#8211; FIW-Award for master-thesis 2021 &#8211; FIW-Award for PhD-thesis 2020 &#8211; FIW-Award for master-thesis 2018 &#8211; FIW-Award for master-thesis 2017\/18 &#8211; FIW-Award f\u00fcr PhD-Thesen: 2016 &#8211; FIW-Award f\u00fcr Masterarbeiten: 2015 &#8211; FIW-Award f\u00fcr PhD-Thesen: 2014 &#8211; FIW-Award f\u00fcr Masterarbeiten:\" \/>\n<meta property=\"og:url\" content=\"https:\/\/www.fiw.ac.at\/en\/research\/past-award-winners\/\" \/>\n<meta property=\"og:site_name\" content=\"FIW\" \/>\n<meta property=\"article:modified_time\" content=\"2024-11-13T12:53:35+00:00\" \/>\n<meta property=\"og:image\" content=\"https:\/\/www.fiw.ac.at\/wp-content\/uploads\/2023\/02\/business-g0a7cbf673_1920.jpg\" \/>\n\t<meta property=\"og:image:width\" content=\"1920\" \/>\n\t<meta property=\"og:image:height\" content=\"1280\" \/>\n\t<meta property=\"og:image:type\" content=\"image\/jpeg\" \/>\n<meta name=\"twitter:card\" content=\"summary_large_image\" \/>\n<meta name=\"twitter:site\" content=\"@CentreFiw\" \/>\n<meta name=\"twitter:label1\" content=\"Est. reading time\" \/>\n\t<meta name=\"twitter:data1\" content=\"2 minutes\" \/>\n<script type=\"application\/ld+json\" class=\"yoast-schema-graph\">{\"@context\":\"https:\/\/schema.org\",\"@graph\":[{\"@type\":\"WebPage\",\"@id\":\"https:\/\/www.fiw.ac.at\/en\/research\/past-award-winners\/\",\"url\":\"https:\/\/www.fiw.ac.at\/en\/research\/past-award-winners\/\",\"name\":\"Past Award-winners - FIW\",\"isPartOf\":{\"@id\":\"https:\/\/www.fiw.ac.at\/en\/#website\"},\"primaryImageOfPage\":{\"@id\":\"https:\/\/www.fiw.ac.at\/en\/research\/past-award-winners\/#primaryimage\"},\"image\":{\"@id\":\"https:\/\/www.fiw.ac.at\/en\/research\/past-award-winners\/#primaryimage\"},\"thumbnailUrl\":\"https:\/\/www.fiw.ac.at\/wp-content\/uploads\/2023\/02\/business-g0a7cbf673_1920.jpg\",\"datePublished\":\"2023-02-22T09:18:33+00:00\",\"dateModified\":\"2024-11-13T12:53:35+00:00\",\"breadcrumb\":{\"@id\":\"https:\/\/www.fiw.ac.at\/en\/research\/past-award-winners\/#breadcrumb\"},\"inLanguage\":\"en-US\",\"potentialAction\":[{\"@type\":\"ReadAction\",\"target\":[\"https:\/\/www.fiw.ac.at\/en\/research\/past-award-winners\/\"]}]},{\"@type\":\"ImageObject\",\"inLanguage\":\"en-US\",\"@id\":\"https:\/\/www.fiw.ac.at\/en\/research\/past-award-winners\/#primaryimage\",\"url\":\"https:\/\/www.fiw.ac.at\/wp-content\/uploads\/2023\/02\/business-g0a7cbf673_1920.jpg\",\"contentUrl\":\"https:\/\/www.fiw.ac.at\/wp-content\/uploads\/2023\/02\/business-g0a7cbf673_1920.jpg\",\"width\":1920,\"height\":1280,\"caption\":\"\u00a9 Symbolbild von Gerd Altmann auf Pixabay\"},{\"@type\":\"BreadcrumbList\",\"@id\":\"https:\/\/www.fiw.ac.at\/en\/research\/past-award-winners\/#breadcrumb\",\"itemListElement\":[{\"@type\":\"ListItem\",\"position\":1,\"name\":\"Startseite\",\"item\":\"https:\/\/www.fiw.ac.at\/en\/\"},{\"@type\":\"ListItem\",\"position\":2,\"name\":\"Research\",\"item\":\"https:\/\/www.fiw.ac.at\/en\/research\/\"},{\"@type\":\"ListItem\",\"position\":3,\"name\":\"Past Award-winners\"}]},{\"@type\":\"WebSite\",\"@id\":\"https:\/\/www.fiw.ac.at\/en\/#website\",\"url\":\"https:\/\/www.fiw.ac.at\/en\/\",\"name\":\"FIW\",\"description\":\"\",\"publisher\":{\"@id\":\"https:\/\/www.fiw.ac.at\/en\/#organization\"},\"potentialAction\":[{\"@type\":\"SearchAction\",\"target\":{\"@type\":\"EntryPoint\",\"urlTemplate\":\"https:\/\/www.fiw.ac.at\/en\/?s={search_term_string}\"},\"query-input\":{\"@type\":\"PropertyValueSpecification\",\"valueRequired\":true,\"valueName\":\"search_term_string\"}}],\"inLanguage\":\"en-US\"},{\"@type\":\"Organization\",\"@id\":\"https:\/\/www.fiw.ac.at\/en\/#organization\",\"name\":\"FIW\",\"url\":\"https:\/\/www.fiw.ac.at\/en\/\",\"logo\":{\"@type\":\"ImageObject\",\"inLanguage\":\"en-US\",\"@id\":\"https:\/\/www.fiw.ac.at\/en\/#\/schema\/logo\/image\/\",\"url\":\"https:\/\/www.fiw.ac.at\/wp-content\/uploads\/2023\/03\/wifo_fiw_logo_kugel_rgb.png\",\"contentUrl\":\"https:\/\/www.fiw.ac.at\/wp-content\/uploads\/2023\/03\/wifo_fiw_logo_kugel_rgb.png\",\"width\":843,\"height\":843,\"caption\":\"FIW\"},\"image\":{\"@id\":\"https:\/\/www.fiw.ac.at\/en\/#\/schema\/logo\/image\/\"},\"sameAs\":[\"https:\/\/x.com\/CentreFiw\"]}]}<\/script>\n<!-- \/ Yoast SEO plugin. -->","yoast_head_json":{"title":"Past Award-winners - FIW","robots":{"index":"index","follow":"follow","max-snippet":"max-snippet:-1","max-image-preview":"max-image-preview:large","max-video-preview":"max-video-preview:-1"},"canonical":"https:\/\/www.fiw.ac.at\/en\/research\/past-award-winners\/","og_locale":"en_US","og_type":"article","og_title":"Past Award-winners - FIW","og_description":"2023 &#8211; FIW Award for PhD theses 2022 &#8211; FIW-Award for master-thesis 2021 &#8211; FIW-Award for PhD-thesis 2020 &#8211; FIW-Award for master-thesis 2018 &#8211; FIW-Award for master-thesis 2017\/18 &#8211; FIW-Award f\u00fcr PhD-Thesen: 2016 &#8211; FIW-Award f\u00fcr Masterarbeiten: 2015 &#8211; FIW-Award f\u00fcr PhD-Thesen: 2014 &#8211; FIW-Award f\u00fcr Masterarbeiten:","og_url":"https:\/\/www.fiw.ac.at\/en\/research\/past-award-winners\/","og_site_name":"FIW","article_modified_time":"2024-11-13T12:53:35+00:00","og_image":[{"width":1920,"height":1280,"url":"https:\/\/www.fiw.ac.at\/wp-content\/uploads\/2023\/02\/business-g0a7cbf673_1920.jpg","type":"image\/jpeg"}],"twitter_card":"summary_large_image","twitter_site":"@CentreFiw","twitter_misc":{"Est. reading time":"2 minutes"},"schema":{"@context":"https:\/\/schema.org","@graph":[{"@type":"WebPage","@id":"https:\/\/www.fiw.ac.at\/en\/research\/past-award-winners\/","url":"https:\/\/www.fiw.ac.at\/en\/research\/past-award-winners\/","name":"Past Award-winners - FIW","isPartOf":{"@id":"https:\/\/www.fiw.ac.at\/en\/#website"},"primaryImageOfPage":{"@id":"https:\/\/www.fiw.ac.at\/en\/research\/past-award-winners\/#primaryimage"},"image":{"@id":"https:\/\/www.fiw.ac.at\/en\/research\/past-award-winners\/#primaryimage"},"thumbnailUrl":"https:\/\/www.fiw.ac.at\/wp-content\/uploads\/2023\/02\/business-g0a7cbf673_1920.jpg","datePublished":"2023-02-22T09:18:33+00:00","dateModified":"2024-11-13T12:53:35+00:00","breadcrumb":{"@id":"https:\/\/www.fiw.ac.at\/en\/research\/past-award-winners\/#breadcrumb"},"inLanguage":"en-US","potentialAction":[{"@type":"ReadAction","target":["https:\/\/www.fiw.ac.at\/en\/research\/past-award-winners\/"]}]},{"@type":"ImageObject","inLanguage":"en-US","@id":"https:\/\/www.fiw.ac.at\/en\/research\/past-award-winners\/#primaryimage","url":"https:\/\/www.fiw.ac.at\/wp-content\/uploads\/2023\/02\/business-g0a7cbf673_1920.jpg","contentUrl":"https:\/\/www.fiw.ac.at\/wp-content\/uploads\/2023\/02\/business-g0a7cbf673_1920.jpg","width":1920,"height":1280,"caption":"\u00a9 Symbolbild von Gerd Altmann auf Pixabay"},{"@type":"BreadcrumbList","@id":"https:\/\/www.fiw.ac.at\/en\/research\/past-award-winners\/#breadcrumb","itemListElement":[{"@type":"ListItem","position":1,"name":"Startseite","item":"https:\/\/www.fiw.ac.at\/en\/"},{"@type":"ListItem","position":2,"name":"Research","item":"https:\/\/www.fiw.ac.at\/en\/research\/"},{"@type":"ListItem","position":3,"name":"Past Award-winners"}]},{"@type":"WebSite","@id":"https:\/\/www.fiw.ac.at\/en\/#website","url":"https:\/\/www.fiw.ac.at\/en\/","name":"FIW","description":"","publisher":{"@id":"https:\/\/www.fiw.ac.at\/en\/#organization"},"potentialAction":[{"@type":"SearchAction","target":{"@type":"EntryPoint","urlTemplate":"https:\/\/www.fiw.ac.at\/en\/?s={search_term_string}"},"query-input":{"@type":"PropertyValueSpecification","valueRequired":true,"valueName":"search_term_string"}}],"inLanguage":"en-US"},{"@type":"Organization","@id":"https:\/\/www.fiw.ac.at\/en\/#organization","name":"FIW","url":"https:\/\/www.fiw.ac.at\/en\/","logo":{"@type":"ImageObject","inLanguage":"en-US","@id":"https:\/\/www.fiw.ac.at\/en\/#\/schema\/logo\/image\/","url":"https:\/\/www.fiw.ac.at\/wp-content\/uploads\/2023\/03\/wifo_fiw_logo_kugel_rgb.png","contentUrl":"https:\/\/www.fiw.ac.at\/wp-content\/uploads\/2023\/03\/wifo_fiw_logo_kugel_rgb.png","width":843,"height":843,"caption":"FIW"},"image":{"@id":"https:\/\/www.fiw.ac.at\/en\/#\/schema\/logo\/image\/"},"sameAs":["https:\/\/x.com\/CentreFiw"]}]}},"_links":{"self":[{"href":"https:\/\/www.fiw.ac.at\/en\/wp-json\/wp\/v2\/pages\/2613","targetHints":{"allow":["GET"]}}],"collection":[{"href":"https:\/\/www.fiw.ac.at\/en\/wp-json\/wp\/v2\/pages"}],"about":[{"href":"https:\/\/www.fiw.ac.at\/en\/wp-json\/wp\/v2\/types\/page"}],"author":[{"embeddable":true,"href":"https:\/\/www.fiw.ac.at\/en\/wp-json\/wp\/v2\/users\/2"}],"replies":[{"embeddable":true,"href":"https:\/\/www.fiw.ac.at\/en\/wp-json\/wp\/v2\/comments?post=2613"}],"version-history":[{"count":7,"href":"https:\/\/www.fiw.ac.at\/en\/wp-json\/wp\/v2\/pages\/2613\/revisions"}],"predecessor-version":[{"id":6515,"href":"https:\/\/www.fiw.ac.at\/en\/wp-json\/wp\/v2\/pages\/2613\/revisions\/6515"}],"up":[{"embeddable":true,"href":"https:\/\/www.fiw.ac.at\/en\/wp-json\/wp\/v2\/pages\/41"}],"wp:featuredmedia":[{"embeddable":true,"href":"https:\/\/www.fiw.ac.at\/en\/wp-json\/wp\/v2\/media\/2194"}],"wp:attachment":[{"href":"https:\/\/www.fiw.ac.at\/en\/wp-json\/wp\/v2\/media?parent=2613"}],"curies":[{"name":"wp","href":"https:\/\/api.w.org\/{rel}","templated":true}]}}