{"id":2291,"date":"2023-02-09T07:50:43","date_gmt":"2023-02-09T06:50:43","guid":{"rendered":"https:\/\/www.fiw.ac.at\/about-us\/network\/"},"modified":"2023-02-22T16:43:53","modified_gmt":"2023-02-22T15:43:53","slug":"network","status":"publish","type":"page","link":"https:\/\/www.fiw.ac.at\/en\/about-us\/network\/","title":{"rendered":"Network"},"content":{"rendered":"\n<h3 class=\"wp-block-heading\">National<\/h3>\n\n<ul class=\"wp-block-list\"><\/ul>\n\n<ul class=\"arrow-list\">\n\t<li><a href=\"https:\/\/www.arbeiterkammer.at\/interessenvertretung\/eu\/index.html\" target=\"_blank\" rel=\"noopener\">Arbeiterkammer Positionen zu EU &#038; Interationales<\/a><\/li>\n\t<li><a href=\"https:\/\/www.bmf.gv.at\/themen\/wirtschaftspolitik\/aussenwirtschaft-export.html\" target=\"_blank\" rel=\"noopener\">Au\u00dfenwirtschaft und Export: Bundesministerium f\u00fcr Finanzen<\/a><\/li>\n\t<li><a href=\"https:\/\/www.advantageaustria.org\/\" target=\"_blank\" rel=\"noopener\">Advantage Austria (die Handelsf\u00f6rderungs-Organisation der Wirtschaftkammer \u00d6sterreich)<\/a><\/li>\n\t<li><a href=\"https:\/\/www.bmbwf.gv.at\/\" target=\"_blank\" rel=\"noopener\">Bundesministerium Bildung, Wissenschaft und Forschung<\/a><\/li>\n\t<li><a href=\"https:\/\/www.bmaw.gv.at\/Themen\/International.html\" target=\"_blank\" rel=\"noopener\">Bundesministerium Digitalisierung und Wirtschaftsstandort: Internationale Themen<\/a><\/li>\n\t<li><a href=\"https:\/\/www.bmeia.gv.at\/\" target=\"_blank\" rel=\"noopener\">Bundesminsiterium Europ\u00e4ische und internationale Angelegenheiten<\/a><\/li>\n\t<li><a href=\"https:\/\/www.go-international.at\/\" target=\"_blank\" rel=\"noopener\">Initiative &#8220;go international&#8221;<\/a><\/li>\n\t<li><a href=\"https:\/\/www.ihs.ac.at\/de\/\" target=\"_blank\" rel=\"noopener\">Institut f\u00fcr h\u00f6here Studien<\/a><\/li>\n\t<li><a href=\"https:\/\/www.jku.at\/\" target=\"_blank\" rel=\"noopener\">Johannes Kepler Universit\u00e4t Linz<\/a><\/li>\n\t<li><a href=\"https:\/\/www.uibk.ac.at\/de\/\" target=\"_blank\" rel=\"noopener\">Leopold-Franzens-Universit\u00e4t Innsbruck<\/a><\/li>\n\t<li><a href=\"https:\/\/www.oenb.at\/\" target=\"_blank\" rel=\"noopener\">Oesterreichische Nationalbank<\/a><\/li>\n\t<li><a href=\"https:\/\/www.statistik.at\/\" target=\"_blank\" rel=\"noopener\">Statistik Austria<\/a><\/li>\n\t<li><a href=\"https:\/\/www.wifo.ac.at\" target=\"_blank\" rel=\"noopener\">WIFO &#8211; \u00d6sterreichisches Institut f\u00fcr Wirtschaftsforschung<\/a><\/li>\n\t<li><a href=\"https:\/\/www.univie.ac.at\/\" target=\"_blank\" rel=\"noopener\">Universit\u00e4t Wien<\/a><\/li>\n\t<li><a href=\"https:\/\/www.wiiw.ac.at\/\" target=\"_blank\" rel=\"noopener\">Wiener Institut f\u00fcr Internationale Wirtschaftsvergleiche<\/a><\/li>\n\t<li><a href=\"https:\/\/www.wko.at\/\" target=\"_blank\" rel=\"noopener\">Wirtschaftskammern \u00d6sterreichs<\/a><\/li>\n\t<li><a href=\"https:\/\/www.wu.ac.at\/\" target=\"_blank\" rel=\"noopener\">Wirtschaftsuniversit\u00e4t Wien<\/a><\/li>\t\n<\/ul>\n\n<h3 class=\"wp-block-heading\">International<\/h3>\n\n<ul class=\"arrow-list\">\n\t<li><a href=\"https:\/\/www.adb.org\/\" target=\"_blank\" rel=\"noopener\">Asiatische Entwicklungsbank<\/a><\/li>\n\t<li><a href=\"http:\/\/www.cepii.fr\/CEPII\/en\/welcome.asp\" target=\"_blank\" rel=\"noopener\">CEPII &#8211; Franz\u00f6sisches Wirtschaftsforschungsinstitut<\/a><\/li>\n\t<li><a href=\"http:\/\/www.economics-ejournal.org\/\" target=\"_blank\" rel=\"noopener\">Economics: The Open-Access, Open-Assessment E-Journal<\/a><\/li>\n\t<li><a href=\"https:\/\/european-union.europa.eu\/index_de\" target=\"_blank\" rel=\"noopener\">Europ\u00e4ische Union<\/a><\/li>\n\t<li><a href=\"https:\/\/policy.trade.ec.europa.eu\/eu-trade-relationships-country-and-region\/making-trade-policy_en\" target=\"_blank\" rel=\"noopener\">EU Trade Policy<\/a><\/li>\n\t<li><a href=\"https:\/\/www.etsg.org\/\" target=\"_blank\" rel=\"noopener\">ETSG &#8211; Forschungsgruppe Europ\u00e4ischer Handel<\/a><\/li>\n\t<li><a href=\"https:\/\/www.nottingham.ac.uk\/gep\/\" target=\"_blank\" rel=\"noopener\">GEP &#8211; Nottingham Centre for Research on Globalisation and Economic Policy<\/a><\/li>\n\t<li><a href=\"https:\/\/www.globaltradealert.org\/\" target=\"_blank\" rel=\"noopener\">Global Trade Alert<\/a><\/li>\n\t<li><a href=\"https:\/\/www.ilo.org\/global\/lang--en\/index.htm\" target=\"_blank\" rel=\"noopener\">Internationale Arbeitsorganisation &#8211; ILO<\/a><\/li>\n\t<li><a href=\"https:\/\/iccwbo.org\/\" target=\"_blank\" rel=\"noopener\">Internationale Handelskammer<\/a><\/li>\n\t<li><a href=\"https:\/\/www.oecd.org\/\" target=\"_blank\" rel=\"noopener\">OECD &#8211; Organisation f\u00fcr wirtschaftliche Zusammenarbeit und Entwicklung<\/a><\/li>\n\t<li><a href=\"https:\/\/unstats.un.org\/home\/\" target=\"_blank\" rel=\"noopener\">UN Statistik Abteilung<\/a><\/li>\n\t<li><a href=\"https:\/\/unctad.org\/\" target=\"_blank\" rel=\"noopener\">UNCTAD &#8211; Konferenz f\u00fcr Handel und Entwicklung<\/a><\/li>\n\t<li><a href=\"https:\/\/ccsi.columbia.edu\/\" target=\"_blank\" rel=\"noopener\">Columbia Center on Sustainable Investment<\/a><\/li>\n\t<li><a href=\"https:\/\/www.worldbank.org\/en\/home\" target=\"_blank\" rel=\"noopener\">Weltbank<\/a><\/li>\n\t<li><a href=\"https:\/\/www.wto.org\/\" target=\"_blank\" rel=\"noopener\">Welthandelsorganisation<\/a><\/li>\n\t<li><a href=\"https:\/\/internationalaffairsresources.com\/\" target=\"_blank\" rel=\"noopener\">WWW Virtual Library: International Affairs Resources (Linksammlung)<\/a><\/li>\t\n\t<li><a href=\"https:\/\/www.zew.de\/\" target=\"_blank\" rel=\"noopener\">ZEW &#8211; Zentrum f\u00fcr Europ\u00e4ische Wirtschaftsforschung<\/a><\/li>\t\n<\/ul>\n","protected":false},"excerpt":{"rendered":"<p>National Arbeiterkammer Positionen zu EU &#038; Interationales Au\u00dfenwirtschaft und Export: Bundesministerium f\u00fcr Finanzen Advantage Austria (die Handelsf\u00f6rderungs-Organisation der Wirtschaftkammer \u00d6sterreich) Bundesministerium Bildung, Wissenschaft und Forschung Bundesministerium Digitalisierung und Wirtschaftsstandort: Internationale Themen Bundesminsiterium Europ\u00e4ische und internationale Angelegenheiten Initiative &#8220;go international&#8221; Institut f\u00fcr h\u00f6here Studien Johannes Kepler Universit\u00e4t Linz Leopold-Franzens-Universit\u00e4t Innsbruck Oesterreichische Nationalbank Statistik Austria WIFO &#8211; [&hellip;]<\/p>\n","protected":false},"author":2,"featured_media":1942,"parent":38,"menu_order":0,"comment_status":"closed","ping_status":"closed","template":"","meta":{"_acf_changed":false,"footnotes":""},"class_list":["post-2291","page","type-page","status-publish","has-post-thumbnail","hentry"],"acf":[],"yoast_head":"<!-- This site is optimized with the Yoast SEO plugin v23.4 - https:\/\/yoast.com\/wordpress\/plugins\/seo\/ -->\n<title>Network - FIW<\/title>\n<meta name=\"robots\" content=\"index, follow, max-snippet:-1, max-image-preview:large, max-video-preview:-1\" \/>\n<link rel=\"canonical\" href=\"https:\/\/www.fiw.ac.at\/en\/about-us\/network\/\" \/>\n<meta property=\"og:locale\" content=\"en_US\" \/>\n<meta property=\"og:type\" content=\"article\" \/>\n<meta property=\"og:title\" content=\"Network - FIW\" \/>\n<meta property=\"og:description\" content=\"National Arbeiterkammer Positionen zu EU &#038; Interationales Au\u00dfenwirtschaft und Export: Bundesministerium f\u00fcr Finanzen Advantage Austria (die Handelsf\u00f6rderungs-Organisation der Wirtschaftkammer \u00d6sterreich) Bundesministerium Bildung, Wissenschaft und Forschung Bundesministerium Digitalisierung und Wirtschaftsstandort: Internationale Themen Bundesminsiterium Europ\u00e4ische und internationale Angelegenheiten Initiative &#8220;go international&#8221; Institut f\u00fcr h\u00f6here Studien Johannes Kepler Universit\u00e4t Linz Leopold-Franzens-Universit\u00e4t Innsbruck Oesterreichische Nationalbank Statistik Austria WIFO &#8211; [&hellip;]\" \/>\n<meta property=\"og:url\" content=\"https:\/\/www.fiw.ac.at\/en\/about-us\/network\/\" \/>\n<meta property=\"og:site_name\" content=\"FIW\" \/>\n<meta property=\"article:modified_time\" content=\"2023-02-22T15:43:53+00:00\" \/>\n<meta property=\"og:image\" content=\"https:\/\/www.fiw.ac.at\/wp-content\/uploads\/2023\/02\/event-venue-g256bffd77_1920.jpg\" \/>\n\t<meta property=\"og:image:width\" content=\"1920\" \/>\n\t<meta property=\"og:image:height\" content=\"1278\" \/>\n\t<meta property=\"og:image:type\" content=\"image\/jpeg\" \/>\n<meta name=\"twitter:card\" content=\"summary_large_image\" \/>\n<meta name=\"twitter:site\" content=\"@CentreFiw\" \/>\n<meta name=\"twitter:label1\" content=\"Est. reading time\" \/>\n\t<meta name=\"twitter:data1\" content=\"1 minute\" \/>\n<script type=\"application\/ld+json\" class=\"yoast-schema-graph\">{\"@context\":\"https:\/\/schema.org\",\"@graph\":[{\"@type\":\"WebPage\",\"@id\":\"https:\/\/www.fiw.ac.at\/en\/about-us\/network\/\",\"url\":\"https:\/\/www.fiw.ac.at\/en\/about-us\/network\/\",\"name\":\"Network - FIW\",\"isPartOf\":{\"@id\":\"https:\/\/www.fiw.ac.at\/en\/#website\"},\"primaryImageOfPage\":{\"@id\":\"https:\/\/www.fiw.ac.at\/en\/about-us\/network\/#primaryimage\"},\"image\":{\"@id\":\"https:\/\/www.fiw.ac.at\/en\/about-us\/network\/#primaryimage\"},\"thumbnailUrl\":\"https:\/\/www.fiw.ac.at\/wp-content\/uploads\/2023\/02\/event-venue-g256bffd77_1920.jpg\",\"datePublished\":\"2023-02-09T06:50:43+00:00\",\"dateModified\":\"2023-02-22T15:43:53+00:00\",\"breadcrumb\":{\"@id\":\"https:\/\/www.fiw.ac.at\/en\/about-us\/network\/#breadcrumb\"},\"inLanguage\":\"en-US\",\"potentialAction\":[{\"@type\":\"ReadAction\",\"target\":[\"https:\/\/www.fiw.ac.at\/en\/about-us\/network\/\"]}]},{\"@type\":\"ImageObject\",\"inLanguage\":\"en-US\",\"@id\":\"https:\/\/www.fiw.ac.at\/en\/about-us\/network\/#primaryimage\",\"url\":\"https:\/\/www.fiw.ac.at\/wp-content\/uploads\/2023\/02\/event-venue-g256bffd77_1920.jpg\",\"contentUrl\":\"https:\/\/www.fiw.ac.at\/wp-content\/uploads\/2023\/02\/event-venue-g256bffd77_1920.jpg\",\"width\":1920,\"height\":1278,\"caption\":\"Logo of the WSR.\"},{\"@type\":\"BreadcrumbList\",\"@id\":\"https:\/\/www.fiw.ac.at\/en\/about-us\/network\/#breadcrumb\",\"itemListElement\":[{\"@type\":\"ListItem\",\"position\":1,\"name\":\"Startseite\",\"item\":\"https:\/\/www.fiw.ac.at\/en\/\"},{\"@type\":\"ListItem\",\"position\":2,\"name\":\"About Us\",\"item\":\"https:\/\/www.fiw.ac.at\/en\/?page_id=38\"},{\"@type\":\"ListItem\",\"position\":3,\"name\":\"Network\"}]},{\"@type\":\"WebSite\",\"@id\":\"https:\/\/www.fiw.ac.at\/en\/#website\",\"url\":\"https:\/\/www.fiw.ac.at\/en\/\",\"name\":\"FIW\",\"description\":\"\",\"publisher\":{\"@id\":\"https:\/\/www.fiw.ac.at\/en\/#organization\"},\"potentialAction\":[{\"@type\":\"SearchAction\",\"target\":{\"@type\":\"EntryPoint\",\"urlTemplate\":\"https:\/\/www.fiw.ac.at\/en\/?s={search_term_string}\"},\"query-input\":{\"@type\":\"PropertyValueSpecification\",\"valueRequired\":true,\"valueName\":\"search_term_string\"}}],\"inLanguage\":\"en-US\"},{\"@type\":\"Organization\",\"@id\":\"https:\/\/www.fiw.ac.at\/en\/#organization\",\"name\":\"FIW\",\"url\":\"https:\/\/www.fiw.ac.at\/en\/\",\"logo\":{\"@type\":\"ImageObject\",\"inLanguage\":\"en-US\",\"@id\":\"https:\/\/www.fiw.ac.at\/en\/#\/schema\/logo\/image\/\",\"url\":\"https:\/\/www.fiw.ac.at\/wp-content\/uploads\/2023\/03\/wifo_fiw_logo_kugel_rgb.png\",\"contentUrl\":\"https:\/\/www.fiw.ac.at\/wp-content\/uploads\/2023\/03\/wifo_fiw_logo_kugel_rgb.png\",\"width\":843,\"height\":843,\"caption\":\"FIW\"},\"image\":{\"@id\":\"https:\/\/www.fiw.ac.at\/en\/#\/schema\/logo\/image\/\"},\"sameAs\":[\"https:\/\/x.com\/CentreFiw\"]}]}<\/script>\n<!-- \/ Yoast SEO plugin. -->","yoast_head_json":{"title":"Network - FIW","robots":{"index":"index","follow":"follow","max-snippet":"max-snippet:-1","max-image-preview":"max-image-preview:large","max-video-preview":"max-video-preview:-1"},"canonical":"https:\/\/www.fiw.ac.at\/en\/about-us\/network\/","og_locale":"en_US","og_type":"article","og_title":"Network - FIW","og_description":"National Arbeiterkammer Positionen zu EU &#038; Interationales Au\u00dfenwirtschaft und Export: Bundesministerium f\u00fcr Finanzen Advantage Austria (die Handelsf\u00f6rderungs-Organisation der Wirtschaftkammer \u00d6sterreich) Bundesministerium Bildung, Wissenschaft und Forschung Bundesministerium Digitalisierung und Wirtschaftsstandort: Internationale Themen Bundesminsiterium Europ\u00e4ische und internationale Angelegenheiten Initiative &#8220;go international&#8221; Institut f\u00fcr h\u00f6here Studien Johannes Kepler Universit\u00e4t Linz Leopold-Franzens-Universit\u00e4t Innsbruck Oesterreichische Nationalbank Statistik Austria WIFO &#8211; [&hellip;]","og_url":"https:\/\/www.fiw.ac.at\/en\/about-us\/network\/","og_site_name":"FIW","article_modified_time":"2023-02-22T15:43:53+00:00","og_image":[{"width":1920,"height":1278,"url":"https:\/\/www.fiw.ac.at\/wp-content\/uploads\/2023\/02\/event-venue-g256bffd77_1920.jpg","type":"image\/jpeg"}],"twitter_card":"summary_large_image","twitter_site":"@CentreFiw","twitter_misc":{"Est. reading time":"1 minute"},"schema":{"@context":"https:\/\/schema.org","@graph":[{"@type":"WebPage","@id":"https:\/\/www.fiw.ac.at\/en\/about-us\/network\/","url":"https:\/\/www.fiw.ac.at\/en\/about-us\/network\/","name":"Network - FIW","isPartOf":{"@id":"https:\/\/www.fiw.ac.at\/en\/#website"},"primaryImageOfPage":{"@id":"https:\/\/www.fiw.ac.at\/en\/about-us\/network\/#primaryimage"},"image":{"@id":"https:\/\/www.fiw.ac.at\/en\/about-us\/network\/#primaryimage"},"thumbnailUrl":"https:\/\/www.fiw.ac.at\/wp-content\/uploads\/2023\/02\/event-venue-g256bffd77_1920.jpg","datePublished":"2023-02-09T06:50:43+00:00","dateModified":"2023-02-22T15:43:53+00:00","breadcrumb":{"@id":"https:\/\/www.fiw.ac.at\/en\/about-us\/network\/#breadcrumb"},"inLanguage":"en-US","potentialAction":[{"@type":"ReadAction","target":["https:\/\/www.fiw.ac.at\/en\/about-us\/network\/"]}]},{"@type":"ImageObject","inLanguage":"en-US","@id":"https:\/\/www.fiw.ac.at\/en\/about-us\/network\/#primaryimage","url":"https:\/\/www.fiw.ac.at\/wp-content\/uploads\/2023\/02\/event-venue-g256bffd77_1920.jpg","contentUrl":"https:\/\/www.fiw.ac.at\/wp-content\/uploads\/2023\/02\/event-venue-g256bffd77_1920.jpg","width":1920,"height":1278,"caption":"Logo of the WSR."},{"@type":"BreadcrumbList","@id":"https:\/\/www.fiw.ac.at\/en\/about-us\/network\/#breadcrumb","itemListElement":[{"@type":"ListItem","position":1,"name":"Startseite","item":"https:\/\/www.fiw.ac.at\/en\/"},{"@type":"ListItem","position":2,"name":"About Us","item":"https:\/\/www.fiw.ac.at\/en\/?page_id=38"},{"@type":"ListItem","position":3,"name":"Network"}]},{"@type":"WebSite","@id":"https:\/\/www.fiw.ac.at\/en\/#website","url":"https:\/\/www.fiw.ac.at\/en\/","name":"FIW","description":"","publisher":{"@id":"https:\/\/www.fiw.ac.at\/en\/#organization"},"potentialAction":[{"@type":"SearchAction","target":{"@type":"EntryPoint","urlTemplate":"https:\/\/www.fiw.ac.at\/en\/?s={search_term_string}"},"query-input":{"@type":"PropertyValueSpecification","valueRequired":true,"valueName":"search_term_string"}}],"inLanguage":"en-US"},{"@type":"Organization","@id":"https:\/\/www.fiw.ac.at\/en\/#organization","name":"FIW","url":"https:\/\/www.fiw.ac.at\/en\/","logo":{"@type":"ImageObject","inLanguage":"en-US","@id":"https:\/\/www.fiw.ac.at\/en\/#\/schema\/logo\/image\/","url":"https:\/\/www.fiw.ac.at\/wp-content\/uploads\/2023\/03\/wifo_fiw_logo_kugel_rgb.png","contentUrl":"https:\/\/www.fiw.ac.at\/wp-content\/uploads\/2023\/03\/wifo_fiw_logo_kugel_rgb.png","width":843,"height":843,"caption":"FIW"},"image":{"@id":"https:\/\/www.fiw.ac.at\/en\/#\/schema\/logo\/image\/"},"sameAs":["https:\/\/x.com\/CentreFiw"]}]}},"_links":{"self":[{"href":"https:\/\/www.fiw.ac.at\/en\/wp-json\/wp\/v2\/pages\/2291","targetHints":{"allow":["GET"]}}],"collection":[{"href":"https:\/\/www.fiw.ac.at\/en\/wp-json\/wp\/v2\/pages"}],"about":[{"href":"https:\/\/www.fiw.ac.at\/en\/wp-json\/wp\/v2\/types\/page"}],"author":[{"embeddable":true,"href":"https:\/\/www.fiw.ac.at\/en\/wp-json\/wp\/v2\/users\/2"}],"replies":[{"embeddable":true,"href":"https:\/\/www.fiw.ac.at\/en\/wp-json\/wp\/v2\/comments?post=2291"}],"version-history":[{"count":2,"href":"https:\/\/www.fiw.ac.at\/en\/wp-json\/wp\/v2\/pages\/2291\/revisions"}],"predecessor-version":[{"id":2293,"href":"https:\/\/www.fiw.ac.at\/en\/wp-json\/wp\/v2\/pages\/2291\/revisions\/2293"}],"up":[{"embeddable":true,"href":"https:\/\/www.fiw.ac.at\/en\/wp-json\/wp\/v2\/pages\/38"}],"wp:featuredmedia":[{"embeddable":true,"href":"https:\/\/www.fiw.ac.at\/en\/wp-json\/wp\/v2\/media\/1942"}],"wp:attachment":[{"href":"https:\/\/www.fiw.ac.at\/en\/wp-json\/wp\/v2\/media?parent=2291"}],"curies":[{"name":"wp","href":"https:\/\/api.w.org\/{rel}","templated":true}]}}